{"id":207,"date":"2020-09-22T08:39:23","date_gmt":"2020-09-22T08:39:23","guid":{"rendered":"http:\/\/preview.droitthemes.com\/wp\/kidzo\/?page_id=207"},"modified":"2024-06-29T06:15:14","modified_gmt":"2024-06-29T06:15:14","slug":"programs","status":"publish","type":"page","link":"https:\/\/balanserkids.cl\/?page_id=207","title":{"rendered":"Programa"},"content":{"rendered":"\t\t<div data-elementor-type=\"wp-page\" data-elementor-id=\"207\" class=\"elementor elementor-207\">\n\t\t\t\t\t\t<section class=\"elementor-section elementor-top-section elementor-element elementor-element-d018259 elementor-section-full_width elementor-section-height-default elementor-section-height-default\" data-id=\"d018259\" data-element_type=\"section\">\n\t\t\t\t\t\t<div class=\"elementor-container elementor-column-gap-default\">\n\t\t\t\t\t<div class=\"elementor-column elementor-col-100 elementor-top-column elementor-element elementor-element-777087a\" data-id=\"777087a\" data-element_type=\"column\">\n\t\t\t<div class=\"elementor-widget-wrap elementor-element-populated\">\n\t\t\t\t\t\t<div class=\"elementor-element elementor-element-588895f elementor-widget elementor-widget-kidzo_program\" data-id=\"588895f\" data-element_type=\"widget\" data-widget_type=\"kidzo_program.default\">\n\t\t\t\t<div class=\"elementor-widget-container\">\n\t\t\t\t\t         <!-- program list part here -->\r\n    <div class=\"program_list program_list_page section_padding\" id=\"program_list\">\r\n        <div class=\"container custom_container\">\r\n            <div class=\"row\">\r\n                <div class=\"col-md-12\">\r\n                    <div class=\"filters\">\r\n                        <ul>\r\n                            <li class=\"is-checked\" data-filter=\"*\">Mira todo<\/li>                                    <li data-filter=\".afterschool\">After School<\/li>                                     <li data-filter=\".play-group\">Play Group<\/li>                         <\/ul>\r\n                    <\/div>\r\n                <\/div>\r\n                <div class=\"col-md-12\">\r\n                    <div class=\"row grid program_list_filter\">\r\n                                                            <div class=\"col-md-6 col-lg-4 col-sm-6 grid-item afterschool play-group \">\r\n                                        <div class=\"single_program_list wow fadeInUp\" data-wow-delay=\".4s\">\r\n                                                                                            <a href=\"https:\/\/balanserkids.cl\/?program=pre-school-lambsd\"><img fetchpriority=\"high\" decoding=\"async\" width=\"1200\" height=\"675\" src=\"https:\/\/balanserkids.cl\/wp-content\/uploads\/2020\/09\/Diseno-sin-titulo109.png\" class=\"img-fluid wp-post-image\" alt=\"\" srcset=\"https:\/\/balanserkids.cl\/wp-content\/uploads\/2020\/09\/Diseno-sin-titulo109.png 1200w, https:\/\/balanserkids.cl\/wp-content\/uploads\/2020\/09\/Diseno-sin-titulo109-300x169.png 300w, https:\/\/balanserkids.cl\/wp-content\/uploads\/2020\/09\/Diseno-sin-titulo109-1024x576.png 1024w, https:\/\/balanserkids.cl\/wp-content\/uploads\/2020\/09\/Diseno-sin-titulo109-768x432.png 768w, https:\/\/balanserkids.cl\/wp-content\/uploads\/2020\/09\/Diseno-sin-titulo109-600x338.png 600w\" sizes=\"(max-width: 1200px) 100vw, 1200px\" \/><\/a>\r\n                                                                                        <div class=\"single_program_list_content\">\r\n                                                <h4><a href=\"https:\/\/balanserkids.cl\/?program=pre-school-lambsd\">Mi Primer Huerto<\/a><\/h4>\r\n                                                <p>Este taller es una completa y pr\u00e1ctica gu\u00eda para cultivar hortalizas, plantas arom\u00e1ticas y frutales<\/p>\r\n                                                <div class=\"program_list_details\">\r\n                                                    <h5>student age<span>2-10 a\u00f1os<\/span> <\/h5>\r\n                                                    <h5>Tution Fees<span>Costo 0<\/span> <\/h5>\r\n                                                    <h5>Times <span>16:30 - 17:30<\/span> <\/h5>\r\n                                                <\/div>\r\n                                            <\/div>\r\n                                        <\/div>\r\n                                    <\/div>\r\n                                                                    <div class=\"col-md-6 col-lg-4 col-sm-6 grid-item play-group \">\r\n                                        <div class=\"single_program_list wow fadeInUp\" data-wow-delay=\".4s\">\r\n                                                                                            <a href=\"https:\/\/balanserkids.cl\/?program=master-mind\"><img decoding=\"async\" width=\"1200\" height=\"675\" src=\"https:\/\/balanserkids.cl\/wp-content\/uploads\/2020\/09\/Diseno-sin-titulo110.png\" class=\"img-fluid wp-post-image\" alt=\"\" srcset=\"https:\/\/balanserkids.cl\/wp-content\/uploads\/2020\/09\/Diseno-sin-titulo110.png 1200w, https:\/\/balanserkids.cl\/wp-content\/uploads\/2020\/09\/Diseno-sin-titulo110-300x169.png 300w, https:\/\/balanserkids.cl\/wp-content\/uploads\/2020\/09\/Diseno-sin-titulo110-1024x576.png 1024w, https:\/\/balanserkids.cl\/wp-content\/uploads\/2020\/09\/Diseno-sin-titulo110-768x432.png 768w, https:\/\/balanserkids.cl\/wp-content\/uploads\/2020\/09\/Diseno-sin-titulo110-600x338.png 600w\" sizes=\"(max-width: 1200px) 100vw, 1200px\" \/><\/a>\r\n                                                                                        <div class=\"single_program_list_content\">\r\n                                                <h4><a href=\"https:\/\/balanserkids.cl\/?program=master-mind\">Desarrollo motor y Salud<\/a><\/h4>\r\n                                                <p>En este taller, los ni\u00f1os aprenden a controlar y coordinar sus movimientos, desde el caminar,<\/p>\r\n                                                <div class=\"program_list_details\">\r\n                                                    <h5>student age<span>2-4 a\u00f1os<\/span> <\/h5>\r\n                                                    <h5>Tution Fees<span>Costo 0<\/span> <\/h5>\r\n                                                    <h5>Times <span>9:00 - 10:00 <\/span> <\/h5>\r\n                                                <\/div>\r\n                                            <\/div>\r\n                                        <\/div>\r\n                                    <\/div>\r\n                                                                    <div class=\"col-md-6 col-lg-4 col-sm-6 grid-item afterschool play-group \">\r\n                                        <div class=\"single_program_list wow fadeInUp\" data-wow-delay=\".4s\">\r\n                                                                                            <a href=\"https:\/\/balanserkids.cl\/?program=junior-lambs\"><img decoding=\"async\" width=\"1920\" height=\"2560\" src=\"https:\/\/balanserkids.cl\/wp-content\/uploads\/2024\/06\/20240524_140350-scaled.jpg\" class=\"img-fluid wp-post-image\" alt=\"\" srcset=\"https:\/\/balanserkids.cl\/wp-content\/uploads\/2024\/06\/20240524_140350-scaled.jpg 1920w, https:\/\/balanserkids.cl\/wp-content\/uploads\/2024\/06\/20240524_140350-225x300.jpg 225w, https:\/\/balanserkids.cl\/wp-content\/uploads\/2024\/06\/20240524_140350-768x1024.jpg 768w, https:\/\/balanserkids.cl\/wp-content\/uploads\/2024\/06\/20240524_140350-1152x1536.jpg 1152w, https:\/\/balanserkids.cl\/wp-content\/uploads\/2024\/06\/20240524_140350-1536x2048.jpg 1536w, https:\/\/balanserkids.cl\/wp-content\/uploads\/2024\/06\/20240524_140350-600x800.jpg 600w\" sizes=\"(max-width: 1920px) 100vw, 1920px\" \/><\/a>\r\n                                                                                        <div class=\"single_program_list_content\">\r\n                                                <h4><a href=\"https:\/\/balanserkids.cl\/?program=junior-lambs\">Juego Libre<\/a><\/h4>\r\n                                                <p>En BalanserKids El juego libre es una actividad esencial para el desarrollo. A trav\u00e9s del<\/p>\r\n                                                <div class=\"program_list_details\">\r\n                                                    <h5>student age<span>2-10 a\u00f1os<\/span> <\/h5>\r\n                                                    <h5>Tution Fees<span>Costo 0<\/span> <\/h5>\r\n                                                    <h5>Times <span>Libre<\/span> <\/h5>\r\n                                                <\/div>\r\n                                            <\/div>\r\n                                        <\/div>\r\n                                    <\/div>\r\n                                                                    <div class=\"col-md-6 col-lg-4 col-sm-6 grid-item play-group \">\r\n                                        <div class=\"single_program_list wow fadeInUp\" data-wow-delay=\".4s\">\r\n                                                                                            <a href=\"https:\/\/balanserkids.cl\/?program=junior-lambs-school\"><img loading=\"lazy\" decoding=\"async\" width=\"2560\" height=\"1920\" src=\"https:\/\/balanserkids.cl\/wp-content\/uploads\/2024\/06\/20240611_113753-scaled.jpg\" class=\"img-fluid wp-post-image\" alt=\"\" srcset=\"https:\/\/balanserkids.cl\/wp-content\/uploads\/2024\/06\/20240611_113753-scaled.jpg 2560w, https:\/\/balanserkids.cl\/wp-content\/uploads\/2024\/06\/20240611_113753-300x225.jpg 300w, https:\/\/balanserkids.cl\/wp-content\/uploads\/2024\/06\/20240611_113753-1024x768.jpg 1024w, https:\/\/balanserkids.cl\/wp-content\/uploads\/2024\/06\/20240611_113753-768x576.jpg 768w, https:\/\/balanserkids.cl\/wp-content\/uploads\/2024\/06\/20240611_113753-1536x1152.jpg 1536w, https:\/\/balanserkids.cl\/wp-content\/uploads\/2024\/06\/20240611_113753-2048x1536.jpg 2048w, https:\/\/balanserkids.cl\/wp-content\/uploads\/2024\/06\/20240611_113753-600x450.jpg 600w\" sizes=\"(max-width: 2560px) 100vw, 2560px\" \/><\/a>\r\n                                                                                        <div class=\"single_program_list_content\">\r\n                                                <h4><a href=\"https:\/\/balanserkids.cl\/?program=junior-lambs-school\">Lenguaje<\/a><\/h4>\r\n                                                <p>En Balanserkids los ni\u00f1os comienzan a adquirir habilidades ling\u00fc\u00edsticas a trav\u00e9s de la interacci\u00f3n con<\/p>\r\n                                                <div class=\"program_list_details\">\r\n                                                    <h5>student age<span>2-4 a\u00f1os<\/span> <\/h5>\r\n                                                    <h5>Tution Fees<span>Costo 0<\/span> <\/h5>\r\n                                                    <h5>Times <span>11:00 - 12:00<\/span> <\/h5>\r\n                                                <\/div>\r\n                                            <\/div>\r\n                                        <\/div>\r\n                                    <\/div>\r\n                                                                    <div class=\"col-md-6 col-lg-4 col-sm-6 grid-item play-group \">\r\n                                        <div class=\"single_program_list wow fadeInUp\" data-wow-delay=\".4s\">\r\n                                                                                            <a href=\"https:\/\/balanserkids.cl\/?program=master-mind-high\"><img loading=\"lazy\" decoding=\"async\" width=\"1068\" height=\"711\" src=\"https:\/\/balanserkids.cl\/wp-content\/uploads\/2020\/09\/Screenshot_20240626_155852_Gallery.jpg\" class=\"img-fluid wp-post-image\" alt=\"\" srcset=\"https:\/\/balanserkids.cl\/wp-content\/uploads\/2020\/09\/Screenshot_20240626_155852_Gallery.jpg 1068w, https:\/\/balanserkids.cl\/wp-content\/uploads\/2020\/09\/Screenshot_20240626_155852_Gallery-300x200.jpg 300w, https:\/\/balanserkids.cl\/wp-content\/uploads\/2020\/09\/Screenshot_20240626_155852_Gallery-1024x682.jpg 1024w, https:\/\/balanserkids.cl\/wp-content\/uploads\/2020\/09\/Screenshot_20240626_155852_Gallery-768x511.jpg 768w, https:\/\/balanserkids.cl\/wp-content\/uploads\/2020\/09\/Screenshot_20240626_155852_Gallery-600x399.jpg 600w\" sizes=\"(max-width: 1068px) 100vw, 1068px\" \/><\/a>\r\n                                                                                        <div class=\"single_program_list_content\">\r\n                                                <h4><a href=\"https:\/\/balanserkids.cl\/?program=master-mind-high\">Pensamiento l\u00f3gico y matem\u00e1tico<\/a><\/h4>\r\n                                                <p>La edad pre-escolar es una etapa de desarrollo crucial en la que se pueden establecer<\/p>\r\n                                                <div class=\"program_list_details\">\r\n                                                    <h5>student age<span>2-4 a\u00f1os<\/span> <\/h5>\r\n                                                    <h5>Tution Fees<span>Costo 0<\/span> <\/h5>\r\n                                                    <h5>Times <span>11:00 - 12:00<\/span> <\/h5>\r\n                                                <\/div>\r\n                                            <\/div>\r\n                                        <\/div>\r\n                                    <\/div>\r\n                                                                    <div class=\"col-md-6 col-lg-4 col-sm-6 grid-item afterschool \">\r\n                                        <div class=\"single_program_list wow fadeInUp\" data-wow-delay=\".4s\">\r\n                                                                                            <a href=\"https:\/\/balanserkids.cl\/?program=pre-school-lambsd-fa\"><img loading=\"lazy\" decoding=\"async\" width=\"1200\" height=\"675\" src=\"https:\/\/balanserkids.cl\/wp-content\/uploads\/2020\/09\/Diseno-sin-titulo113.png\" class=\"img-fluid wp-post-image\" alt=\"\" srcset=\"https:\/\/balanserkids.cl\/wp-content\/uploads\/2020\/09\/Diseno-sin-titulo113.png 1200w, https:\/\/balanserkids.cl\/wp-content\/uploads\/2020\/09\/Diseno-sin-titulo113-300x169.png 300w, https:\/\/balanserkids.cl\/wp-content\/uploads\/2020\/09\/Diseno-sin-titulo113-1024x576.png 1024w, https:\/\/balanserkids.cl\/wp-content\/uploads\/2020\/09\/Diseno-sin-titulo113-768x432.png 768w, https:\/\/balanserkids.cl\/wp-content\/uploads\/2020\/09\/Diseno-sin-titulo113-600x338.png 600w\" sizes=\"(max-width: 1200px) 100vw, 1200px\" \/><\/a>\r\n                                                                                        <div class=\"single_program_list_content\">\r\n                                                <h4><a href=\"https:\/\/balanserkids.cl\/?program=pre-school-lambsd-fa\">Sociomotricidad<\/a><\/h4>\r\n                                                <p>Este taller busca desarrollar habilidades sociales y psicomotoras en los ni\u00f1os a trav\u00e9s del juego<\/p>\r\n                                                <div class=\"program_list_details\">\r\n                                                    <h5>student age<span>5-10<\/span> <\/h5>\r\n                                                    <h5>Tution Fees<span>Costo 0<\/span> <\/h5>\r\n                                                    <h5>Times <span>16:30 - 17:30<\/span> <\/h5>\r\n                                                <\/div>\r\n                                            <\/div>\r\n                                        <\/div>\r\n                                    <\/div>\r\n                                                    <\/div>\r\n                <\/div>\r\n            <\/div>\r\n            \t\t\t\t\t<div class=\"list_animation_1 elementor-repeater-item-dbc3b71\">\r\n                        <div data-parallax='{\"x\": 215, \"y\": 445, \"rotateZ\":0}'>\r\n                            <img decoding=\"async\" src=\"https:\/\/balanserkids.cl\/wp-content\/uploads\/2021\/01\/1.png\" alt=\"Animation Four\">\r\n                        <\/div>\r\n\t\t\t\t\t<\/div>\r\n\t\t\t\t\t\t\t\t\t\t<div class=\"list_animation_2 elementor-repeater-item-35eaa19\">\r\n                        <div data-parallax='{\"x\": 50, \"y\": 50, \"rotateZ\":0}'>\r\n                            <img decoding=\"async\" src=\"https:\/\/balanserkids.cl\/wp-content\/uploads\/2023\/01\/img-1.png\" alt=\"Animation Five\">\r\n                        <\/div>\r\n\t\t\t\t\t<\/div>\r\n\t\t\t\t\t\t\t\t\t\t<div class=\"list_animation_3 elementor-repeater-item-4c95ff2\">\r\n                        <div data-parallax='{\"x\": 50, \"y\": 50, \"rotateZ\":0}'>\r\n                            <img decoding=\"async\" src=\"https:\/\/kidzo.droitlab.com\/wp-content\/uploads\/2020\/09\/icon_9.png\" alt=\"Animation Six\">\r\n                        <\/div>\r\n\t\t\t\t\t<\/div>\r\n\t\t\t\t\t    <\/div>\r\n<\/div>\r\n    <!-- program list part end -->\r\n\t\t\t\t<\/div>\n\t\t\t\t<\/div>\n\t\t\t\t\t<\/div>\n\t\t<\/div>\n\t\t\t\t\t<\/div>\n\t\t<\/section>\n\t\t\t\t<section class=\"elementor-section elementor-top-section elementor-element elementor-element-af8344d elementor-section-full_width elementor-section-height-default elementor-section-height-default\" data-id=\"af8344d\" data-element_type=\"section\">\n\t\t\t\t\t\t<div class=\"elementor-container elementor-column-gap-no\">\n\t\t\t\t\t<div class=\"elementor-column elementor-col-100 elementor-top-column elementor-element elementor-element-19790fa\" data-id=\"19790fa\" data-element_type=\"column\">\n\t\t\t<div class=\"elementor-widget-wrap elementor-element-populated\">\n\t\t\t\t\t\t<div class=\"elementor-element elementor-element-71911f8 elementor-widget elementor-widget-kidzo_program_enroll\" data-id=\"71911f8\" data-element_type=\"widget\" data-widget_type=\"kidzo_program_enroll.default\">\n\t\t\t\t<div class=\"elementor-widget-container\">\n\t\t\t\t\t    \t<!-- cta part here -->\r\n    <section class=\"cta_part section_padding\">\r\n        <div class=\"container custom_container\">\r\n            <div class=\"row align-items-center justify-content-center\">\r\n                <div class=\"col-lg-8\">\r\n                    <div class=\"cta_part_iner\">\r\n                        <h2>Matr\u00edculas Abiertas<\/h2>                        <p>Los cupos son limitados. Reserva tu visita AHORA ! y ven a conocernos.<\/p>\r\n                    \t                    \t                        <a href=\"https:\/\/balanserkids.setmore.com\/\" class=\"cu_btn white_bg\">Vis\u00edtanos<\/a>\r\n                   \t\t\r\n                    <\/div>\r\n                <\/div>\r\n            <\/div>\r\n        <\/div>\r\n                    <div class=\"breadcrumb_animation_1\">\r\n                <div data-parallax='{\"x\": 30, \"y\": -20}'>\r\n                    <img decoding=\"async\" src=\"https:\/\/kidzo.droitlab.com\/wp-content\/uploads\/2020\/09\/cta_img_1.png\" alt=\"#\">\r\n                <\/div>\r\n            <\/div>\r\n                        <div class=\"breadcrumb_animation_2\">\r\n                <div data-parallax='{\"x\": 20, \"y\": -100}'>\r\n                    <img decoding=\"async\" src=\"https:\/\/kidzo.droitlab.com\/wp-content\/uploads\/2020\/09\/cta_img_2.png\" alt=\"Array\">\r\n                <\/div>\r\n            <\/div>\r\n                <\/section>\r\n    <!-- cta part end -->\r\n    \t\t\t\t<\/div>\n\t\t\t\t<\/div>\n\t\t\t\t\t<\/div>\n\t\t<\/div>\n\t\t\t\t\t<\/div>\n\t\t<\/section>\n\t\t\t\t<\/div>\n\t\t","protected":false},"excerpt":{"rendered":"<p>Mira todo After School Play Group Mi Primer Huerto Este taller es una completa y pr\u00e1ctica gu\u00eda para cultivar hortalizas, plantas arom\u00e1ticas y frutales student age2-10 a\u00f1os Tution FeesCosto 0 Times 16:30 &#8211; 17:30 Desarrollo motor y Salud En este taller, los ni\u00f1os aprenden a controlar y coordinar sus movimientos, desde el caminar, student age2-4<\/p>\n","protected":false},"author":1,"featured_media":0,"parent":0,"menu_order":0,"comment_status":"closed","ping_status":"closed","template":"elementor_header_footer","meta":{"footnotes":""},"class_list":["post-207","page","type-page","status-publish","hentry"],"acf":[],"_links":{"self":[{"href":"https:\/\/balanserkids.cl\/index.php?rest_route=\/wp\/v2\/pages\/207","targetHints":{"allow":["GET"]}}],"collection":[{"href":"https:\/\/balanserkids.cl\/index.php?rest_route=\/wp\/v2\/pages"}],"about":[{"href":"https:\/\/balanserkids.cl\/index.php?rest_route=\/wp\/v2\/types\/page"}],"author":[{"embeddable":true,"href":"https:\/\/balanserkids.cl\/index.php?rest_route=\/wp\/v2\/users\/1"}],"replies":[{"embeddable":true,"href":"https:\/\/balanserkids.cl\/index.php?rest_route=%2Fwp%2Fv2%2Fcomments&post=207"}],"version-history":[{"count":26,"href":"https:\/\/balanserkids.cl\/index.php?rest_route=\/wp\/v2\/pages\/207\/revisions"}],"predecessor-version":[{"id":5171,"href":"https:\/\/balanserkids.cl\/index.php?rest_route=\/wp\/v2\/pages\/207\/revisions\/5171"}],"wp:attachment":[{"href":"https:\/\/balanserkids.cl\/index.php?rest_route=%2Fwp%2Fv2%2Fmedia&parent=207"}],"curies":[{"name":"wp","href":"https:\/\/api.w.org\/{rel}","templated":true}]}}