{"id":4539,"date":"2020-09-16T09:25:39","date_gmt":"2020-09-16T09:25:39","guid":{"rendered":"http:\/\/preview.droitthemes.com\/wp\/kidzo\/?page_id=32"},"modified":"2024-06-29T05:23:31","modified_gmt":"2024-06-29T05:23:31","slug":"about-us","status":"publish","type":"page","link":"https:\/\/balanserkids.cl\/?page_id=4539","title":{"rendered":"Nosotr@s"},"content":{"rendered":"\t\t<div data-elementor-type=\"wp-page\" data-elementor-id=\"4539\" class=\"elementor elementor-4539\">\n\t\t\t\t\t\t<section class=\"elementor-section elementor-top-section elementor-element elementor-element-2ceefde elementor-section-full_width elementor-section-height-default elementor-section-height-default\" data-id=\"2ceefde\" data-element_type=\"section\">\n\t\t\t\t\t\t<div class=\"elementor-container elementor-column-gap-no\">\n\t\t\t\t\t<div class=\"elementor-column elementor-col-100 elementor-top-column elementor-element elementor-element-1034a68\" data-id=\"1034a68\" data-element_type=\"column\">\n\t\t\t<div class=\"elementor-widget-wrap elementor-element-populated\">\n\t\t\t\t\t\t<div class=\"elementor-element elementor-element-659e3cb elementor-widget elementor-widget-kidzo_about\" data-id=\"659e3cb\" data-element_type=\"widget\" data-widget_type=\"kidzo_about.default\">\n\t\t\t\t<div class=\"elementor-widget-container\">\n\t\t\t\t\t<section class=\"about_section section_padding s4_about_section\">\r\n    <div class=\"container custom_container\">\r\n        <div class=\"row justify-content-between align-items-center\">\r\n            <div class=\"col-sm-12 col-md-6 col-xl-5 order-2 order-md-1\">\r\n                <div class=\"about_section_content mt-5 mt-md-0\">\r\n                    <h5>Qui\u00e9nes somos<\/h5>                    <h2 class=\"title\">Educadores Innovadores<\/h2>\r\n                                                            <p>Reconocemos que cada ni\u00f1o es \u00fanico y tiene su propio ritmo de desarrollo. Por ello, adoptamos enfoques que se adapten a las caracter\u00edsticas individuales de cada ni\u00f1o, fomentando su curiosidad natural y sus intereses personales. Utilizamos t\u00e9cnicas como el aprendizaje basado en proyectos, que permite a los ni\u00f1os explorar temas de su inter\u00e9s en profundidad, y el juego educativo, que combina diversi\u00f3n y aprendizaje de manera efectiva. En resumen, no solo ense\u00f1amos conceptos b\u00e1sicos como el abecedario y los n\u00fameros, sino que tambi\u00e9n fomentamos el desarrollo de habilidades sociales, emocionales y cognitivas a trav\u00e9s de m\u00e9todos creativos y participativos.<\/p><p>\u00a0<\/p><ul><li class=\"wow fadeInDown\">Fomentamos un ambiente inclusivo y diverso donde todos los estudiantes se sientan valorados y respetados.<\/li><li class=\"wow fadeInDown\">Nos enfocamos en el desarrollo integral del estudiante. No solo nos preocupamos por el rendimiento acad\u00e9mico, sino tambi\u00e9n por el crecimiento personal y emocional de nuestros alumnos<\/li><li class=\"wow fadeInDown\">Nuestro patio de juegos se caracteriza por ser un espacio vibrante y lleno de vida<\/li><li class=\"wow fadeInDown\">La seguridad es una prioridad en nuestro patio de juegos.<\/li><\/ul>                                    <\/div>\r\n            <\/div>\r\n            <div class=\"col-sm-12 col-md-6 order-1 order-md-2\">\r\n                <div class=\"img_section mb-4 mb-md-0\">\r\n                                        <img decoding=\"async\" src=\"https:\/\/kidzo.droitlab.com\/wp-content\/uploads\/2020\/09\/about_img_shape_2.png\"\r\n                        alt=\"\" class=\"about_img_7\"\r\n                        data-parallax='{\"x\": 0, \"y\": -50, \"rotateZ\":0}'>\r\n                                        <img decoding=\"async\" src=\"https:\/\/kidzo.droitlab.com\/wp-content\/uploads\/2020\/09\/about_img_7.png\"\r\n                        alt=\"\" class=\"about_img_6 img-fluid\">\r\n                                        <img decoding=\"async\" src=\"https:\/\/preview.droitthemes.net\/wp\/kidzo\/wp-content\/uploads\/2020\/09\/about_img_shape_1.png\"\r\n                        alt=\"\" class=\"about_img_5\"\r\n                        data-parallax='{\"x\": 0, \"y\": 50, \"rotateZ\":0}'>\r\n                                    <\/div>\r\n            <\/div>\r\n        <\/div>\r\n    <\/div>\r\n        <div\r\n        class=\"about_page_animation_1 elementor-repeater-item-3f56325\">\r\n        <div\r\n            data-parallax='{\"x\": 2, \"y\": 70, \"rotateZ\":0}'>\r\n            <img decoding=\"async\" src=\"https:\/\/balanserkids.cl\/wp-content\/uploads\/2022\/01\/icon_5.png\" alt=\"Animation one\">\r\n        <\/div>\r\n    <\/div>\r\n        <div\r\n        class=\"about_page_animation_2 elementor-repeater-item-e4122a9\">\r\n        <div\r\n            data-parallax='{\"x\": 10, \"y\": 80, \"rotateZ\":0}'>\r\n            <img decoding=\"async\" src=\"https:\/\/balanserkids.cl\/wp-content\/uploads\/2020\/09\/icon_6.png\" alt=\"Animation two\">\r\n        <\/div>\r\n    <\/div>\r\n        <div\r\n        class=\"about_page_animation_3 elementor-repeater-item-9a79524\">\r\n        <div\r\n            data-parallax='{\"x\": 30, \"y\": 60, \"rotateZ\":0}'>\r\n            <img decoding=\"async\" src=\"https:\/\/balanserkids.cl\/wp-content\/uploads\/2023\/01\/shape-18.png\" alt=\"Animation Three\">\r\n        <\/div>\r\n    <\/div>\r\n        <div\r\n        class=\"about_page_animation_4 elementor-repeater-item-dfc2198\">\r\n        <div\r\n            data-parallax='{\"x\": 30, \"y\": 50, \"rotateZ\":0}'>\r\n            <img decoding=\"async\" src=\"https:\/\/balanserkids.cl\/wp-content\/uploads\/2020\/09\/icon_8.png\" alt=\"Animation Four\">\r\n        <\/div>\r\n    <\/div>\r\n    <\/section>\r\n\t\t\t\t<\/div>\n\t\t\t\t<\/div>\n\t\t\t\t\t<\/div>\n\t\t<\/div>\n\t\t\t\t\t<\/div>\n\t\t<\/section>\n\t\t\t\t<section class=\"elementor-section elementor-top-section elementor-element elementor-element-2b09ba98 elementor-section-full_width elementor-section-height-default elementor-section-height-default\" data-id=\"2b09ba98\" data-element_type=\"section\">\n\t\t\t\t\t\t<div class=\"elementor-container elementor-column-gap-no\">\n\t\t\t\t\t<div class=\"elementor-column elementor-col-100 elementor-top-column elementor-element elementor-element-3a3e3175\" data-id=\"3a3e3175\" data-element_type=\"column\">\n\t\t\t<div class=\"elementor-widget-wrap elementor-element-populated\">\n\t\t\t\t\t\t<div class=\"elementor-element elementor-element-789941bb elementor-widget elementor-widget-kidzo_about\" data-id=\"789941bb\" data-element_type=\"widget\" data-widget_type=\"kidzo_about.default\">\n\t\t\t\t<div class=\"elementor-widget-container\">\n\t\t\t\t\t<section class=\"get_start_part section_padding section_bg\">\r\n    <div class=\"container custom_container\">\r\n        <div class=\"row justify-content-between align-items-center\">\r\n            <div class=\"col-lg-7 col-sm-12 wow fadeInUp\" data-wow-delay=\".2s\"\r\n                style=\"visibility: visible; animation-delay: 0.2s; animation-name: fadeInUp;\">\r\n                            <\/div>\r\n            <div class=\"col-lg-5 col-sm-12 wow fadeInUp\" data-wow-delay=\".5s\"\r\n                style=\"visibility: visible; animation-delay: 0.5s; animation-name: fadeInUp;\">\r\n                <div class=\"get_start_content about_section_content\">\r\n                                        <h2 h2 class=\"title\">\r\n                        Fomentando la lectura<\/h2>\r\n                                                            <p>Viajar es una de las experiencias m\u00e1s enriquecedoras que una persona puede tener. Sin embargo, no siempre es posible embarcarse en una aventura f\u00edsica a tierras lejanas. En estos casos, un buen libro puede ser el pasaporte perfecto para explorar mundos nuevos, conocer culturas distintas y vivir aventuras inolvidables sin salir de casa.<\/p>                                                            <a href=\"#\"\r\n                        class=\"get_start_btn\">Get Started Now <i\r\n                            class=\"ti-arrow-right\"><\/i> <\/a>\r\n                                    <\/div>\r\n            <\/div>\r\n        <\/div>\r\n    <\/div>\r\n        <div\r\n        class=\"get_start_animation_1 elementor-repeater-item-7b39706\">\r\n        <div\r\n            data-parallax='{\"x\": 770, \"y\": 120, \"rotateZ\":0}'>\r\n            <img decoding=\"async\" src=\"https:\/\/balanserkids.cl\/wp-content\/uploads\/2023\/04\/ASTRO-e1681878249162.png\" alt=\"Animation top left\">\r\n        <\/div>\r\n    <\/div>\r\n        <div\r\n        class=\"get_start_animation_2 elementor-repeater-item-a250978\">\r\n        <div\r\n            data-parallax='{\"x\": 170, \"y\": 740, \"rotateZ\":0}'>\r\n            <img decoding=\"async\" src=\"https:\/\/balanserkids.cl\/wp-content\/uploads\/2023\/01\/shape-16.png\" alt=\"Animation left buttom\">\r\n        <\/div>\r\n    <\/div>\r\n        <div\r\n        class=\"get_start_animation_3 elementor-repeater-item-e03df66\">\r\n        <div\r\n            data-parallax='{\"x\": 50, \"y\": 50, \"rotateZ\":0}'>\r\n            <img decoding=\"async\" src=\"https:\/\/balanserkids.cl\/wp-content\/uploads\/2020\/09\/story_animation_5-2.png\" alt=\"center top\">\r\n        <\/div>\r\n    <\/div>\r\n        <div\r\n        class=\"get_start_animation_4 elementor-repeater-item-daae855\">\r\n        <div\r\n            data-parallax='{\"x\": 20, \"y\": 40, \"rotateZ\":0}'>\r\n            <img decoding=\"async\" src=\"https:\/\/kidzo.droitlab.com\/wp-content\/uploads\/2020\/09\/story_animation_4.png\" alt=\"right buttom\">\r\n        <\/div>\r\n    <\/div>\r\n    <\/section>\r\n\t\t\t\t<\/div>\n\t\t\t\t<\/div>\n\t\t\t\t\t<\/div>\n\t\t<\/div>\n\t\t\t\t\t<\/div>\n\t\t<\/section>\n\t\t\t\t<section class=\"elementor-section elementor-top-section elementor-element elementor-element-84b8c21 elementor-section-full_width elementor-section-height-default elementor-section-height-default\" data-id=\"84b8c21\" data-element_type=\"section\">\n\t\t\t\t\t\t<div class=\"elementor-container elementor-column-gap-no\">\n\t\t\t\t\t<div class=\"elementor-column elementor-col-100 elementor-top-column elementor-element elementor-element-3abbd32\" data-id=\"3abbd32\" data-element_type=\"column\">\n\t\t\t<div class=\"elementor-widget-wrap elementor-element-populated\">\n\t\t\t\t\t\t<div class=\"elementor-element elementor-element-4e89efe elementor-widget elementor-widget-kidzo_portfolio\" data-id=\"4e89efe\" data-element_type=\"widget\" data-widget_type=\"kidzo_portfolio.default\">\n\t\t\t\t<div class=\"elementor-widget-container\">\n\t\t\t\t\t        <!-- team part here -->\r\n    <section class=\"team_section section_padding\">\r\n        <div class=\"container custom_container\">\r\n            <div class=\"row justify-content-center\">\r\n                <div class=\"col-lg-7\">\r\n                    <div class=\"section_tittle_style_02\">\r\n                                                    <h2 class=\"title wow fadeInDown\" data-wow-delay=\".5s\">Necesitas un Educador?<\/h2>\r\n                                                                        <p class=\"description wow fadeInDown\" data-wow-delay=\".3s\"><p>BalanserKids es una red de conocimiento integral y multidiciplinaria. Profesionales expertos en Educaci\u00f3n, Nutrici\u00f3n, Psicolog\u00eda, Deporte y Salud dispuestos a contribuir con el desarrollo humano y el crecimiento Infantil.<\/p><\/p>\r\n                                            <\/div>\r\n                <\/div>\r\n            <\/div>\r\n            <div class=\"row\">\r\n                                                <div class=\"col-lg-4 col-sm-6 wow fadeInUp\" data-wow-delay=\".3s\">\r\n                                    <div class=\"single_team_section\">\r\n                                        <a href=\"https:\/\/balanserkids.cl\/?teachers=dan-bergeron\">\r\n                                            <img fetchpriority=\"high\" decoding=\"async\" width=\"350\" height=\"250\" src=\"https:\/\/balanserkids.cl\/wp-content\/uploads\/2020\/09\/Aa-scaled-1-350x250.jpg\" class=\"img-fluid wp-post-image\" alt=\"\" \/>                                        <\/a>\r\n                                        <span>Junior Teacher <\/span>\r\n                                        <h4> <a href=\"https:\/\/balanserkids.cl\/?teachers=dan-bergeron\">Dan Bergeron<\/a><\/h4>\r\n                                        <p>Mathematics<\/p>\r\n                                    <\/div>\r\n                                <\/div>\r\n                                                                <div class=\"col-lg-4 col-sm-6 wow fadeInUp\" data-wow-delay=\".3s\">\r\n                                    <div class=\"single_team_section\">\r\n                                        <a href=\"https:\/\/balanserkids.cl\/?teachers=roshan-bhula\">\r\n                                            <img decoding=\"async\" width=\"350\" height=\"250\" src=\"https:\/\/balanserkids.cl\/wp-content\/uploads\/2020\/09\/Ac-scaled-1-350x250.jpg\" class=\"img-fluid wp-post-image\" alt=\"\" \/>                                        <\/a>\r\n                                        <span>Instructor <\/span>\r\n                                        <h4> <a href=\"https:\/\/balanserkids.cl\/?teachers=roshan-bhula\">Roshan Bhula<\/a><\/h4>\r\n                                        <p>English Literature<\/p>\r\n                                    <\/div>\r\n                                <\/div>\r\n                                                                <div class=\"col-lg-4 col-sm-6 wow fadeInUp\" data-wow-delay=\".3s\">\r\n                                    <div class=\"single_team_section\">\r\n                                        <a href=\"https:\/\/balanserkids.cl\/?teachers=jessica-hamel\">\r\n                                            <img decoding=\"async\" width=\"350\" height=\"250\" src=\"https:\/\/balanserkids.cl\/wp-content\/uploads\/2020\/09\/CC-350x250.jpg\" class=\"img-fluid wp-post-image\" alt=\"\" \/>                                        <\/a>\r\n                                        <span>Senior Teacher <\/span>\r\n                                        <h4> <a href=\"https:\/\/balanserkids.cl\/?teachers=jessica-hamel\">Jessica Hamel<\/a><\/h4>\r\n                                        <p>General Knowledge<\/p>\r\n                                    <\/div>\r\n                                <\/div>\r\n                                            <\/div>\r\n        <\/div>\r\n                            <div class=\"team_animation_1 elementor-repeater-item-c5ecd4f\">\r\n                        <div data-parallax='{\"x\": 50, \"y\": 50, \"rotateZ\":0}'>\r\n                            <img decoding=\"async\" src=\"https:\/\/balanserkids.cl\/wp-content\/uploads\/2020\/09\/story_animation_1-1.png\" alt=\"Animation One\">\r\n                        <\/div>\r\n                    <\/div>\r\n                                    <div class=\"team_animation_1 elementor-repeater-item-a9e5772\">\r\n                        <div data-parallax='{\"x\": 50, \"y\": 50, \"rotateZ\":0}'>\r\n                            <img decoding=\"async\" src=\"https:\/\/balanserkids.cl\/wp-content\/uploads\/2020\/09\/story_animation_2.png\" alt=\"Animation two\">\r\n                        <\/div>\r\n                    <\/div>\r\n                                    <div class=\"team_animation_1 elementor-repeater-item-d56de9e\">\r\n                        <div data-parallax='{\"x\": 50, \"y\": 50, \"rotateZ\":0}'>\r\n                            <img decoding=\"async\" src=\"https:\/\/balanserkids.cl\/wp-content\/uploads\/2020\/09\/story_animation_3-1.png\" alt=\"Animation Three\">\r\n                        <\/div>\r\n                    <\/div>\r\n                                    <div class=\"team_animation_1 elementor-repeater-item-12db7a3\">\r\n                        <div data-parallax='{\"x\": -360, \"y\": -680, \"rotateZ\":0}'>\r\n                            <img decoding=\"async\" src=\"https:\/\/balanserkids.cl\/wp-content\/uploads\/2020\/09\/team_animation.png\" alt=\"Animation Four\">\r\n                        <\/div>\r\n                    <\/div>\r\n                                    <div class=\"team_animation_1 elementor-repeater-item-41e4f8c\">\r\n                        <div data-parallax='{\"x\": 50, \"y\": 50, \"rotateZ\":0}'>\r\n                            <img decoding=\"async\" src=\"https:\/\/balanserkids.cl\/wp-content\/uploads\/2020\/09\/story_animation_5-2.png\" alt=\"Animation Five\">\r\n                        <\/div>\r\n                    <\/div>\r\n                    <\/section>\r\n\t\t\t\t<\/div>\n\t\t\t\t<\/div>\n\t\t\t\t\t<\/div>\n\t\t<\/div>\n\t\t\t\t\t<\/div>\n\t\t<\/section>\n\t\t\t\t<\/div>\n\t\t","protected":false},"excerpt":{"rendered":"<p>Qui\u00e9nes somos Educadores Innovadores Reconocemos que cada ni\u00f1o es \u00fanico y tiene su propio ritmo de desarrollo. Por ello, adoptamos enfoques que se adapten a las caracter\u00edsticas individuales de cada ni\u00f1o, fomentando su curiosidad natural y sus intereses personales. Utilizamos t\u00e9cnicas como el aprendizaje basado en proyectos, que permite a los ni\u00f1os explorar temas de<\/p>\n","protected":false},"author":1,"featured_media":0,"parent":0,"menu_order":0,"comment_status":"closed","ping_status":"closed","template":"elementor_header_footer","meta":{"footnotes":""},"class_list":["post-4539","page","type-page","status-publish","hentry"],"acf":[],"_links":{"self":[{"href":"https:\/\/balanserkids.cl\/index.php?rest_route=\/wp\/v2\/pages\/4539","targetHints":{"allow":["GET"]}}],"collection":[{"href":"https:\/\/balanserkids.cl\/index.php?rest_route=\/wp\/v2\/pages"}],"about":[{"href":"https:\/\/balanserkids.cl\/index.php?rest_route=\/wp\/v2\/types\/page"}],"author":[{"embeddable":true,"href":"https:\/\/balanserkids.cl\/index.php?rest_route=\/wp\/v2\/users\/1"}],"replies":[{"embeddable":true,"href":"https:\/\/balanserkids.cl\/index.php?rest_route=%2Fwp%2Fv2%2Fcomments&post=4539"}],"version-history":[{"count":41,"href":"https:\/\/balanserkids.cl\/index.php?rest_route=\/wp\/v2\/pages\/4539\/revisions"}],"predecessor-version":[{"id":5158,"href":"https:\/\/balanserkids.cl\/index.php?rest_route=\/wp\/v2\/pages\/4539\/revisions\/5158"}],"wp:attachment":[{"href":"https:\/\/balanserkids.cl\/index.php?rest_route=%2Fwp%2Fv2%2Fmedia&parent=4539"}],"curies":[{"name":"wp","href":"https:\/\/api.w.org\/{rel}","templated":true}]}}